{"id":5280,"date":"2010-03-30T17:32:33","date_gmt":"2010-03-30T16:32:33","guid":{"rendered":"https:\/\/www.portaldojardim.com\/pdj\/?page_id=5280"},"modified":"2013-01-14T18:44:15","modified_gmt":"2013-01-14T17:44:15","slug":"videos","status":"publish","type":"page","link":"https:\/\/www.portaldojardim.com\/pdj\/videos\/","title":{"rendered":"Selecc\u00e7\u00e3o de V\u00eddeos"},"content":{"rendered":"<p><iframe loading=\"lazy\" width=\"600\" height=\"338\" src=\"https:\/\/www.youtube.com\/embed\/ljqHl14suHQ?rel=0\" frameborder=\"0\" allowfullscreen><\/iframe><\/p>\n","protected":false},"excerpt":{"rendered":"","protected":false},"author":1872,"featured_media":0,"parent":0,"menu_order":0,"comment_status":"open","ping_status":"closed","template":"","meta":{"footnotes":""},"class_list":["post-5280","page","type-page","status-publish","hentry"],"_links":{"self":[{"href":"https:\/\/www.portaldojardim.com\/pdj\/wp-json\/wp\/v2\/pages\/5280","targetHints":{"allow":["GET"]}}],"collection":[{"href":"https:\/\/www.portaldojardim.com\/pdj\/wp-json\/wp\/v2\/pages"}],"about":[{"href":"https:\/\/www.portaldojardim.com\/pdj\/wp-json\/wp\/v2\/types\/page"}],"author":[{"embeddable":true,"href":"https:\/\/www.portaldojardim.com\/pdj\/wp-json\/wp\/v2\/users\/1872"}],"replies":[{"embeddable":true,"href":"https:\/\/www.portaldojardim.com\/pdj\/wp-json\/wp\/v2\/comments?post=5280"}],"version-history":[{"count":15,"href":"https:\/\/www.portaldojardim.com\/pdj\/wp-json\/wp\/v2\/pages\/5280\/revisions"}],"predecessor-version":[{"id":5285,"href":"https:\/\/www.portaldojardim.com\/pdj\/wp-json\/wp\/v2\/pages\/5280\/revisions\/5285"}],"wp:attachment":[{"href":"https:\/\/www.portaldojardim.com\/pdj\/wp-json\/wp\/v2\/media?parent=5280"}],"curies":[{"name":"wp","href":"https:\/\/api.w.org\/{rel}","templated":true}]}}